{"id":10308,"date":"2023-11-09T16:02:20","date_gmt":"2023-11-09T15:02:20","guid":{"rendered":"https:\/\/beautytherapy.absolution-cosmetics.com\/?page_id=10308"},"modified":"2024-03-14T15:37:38","modified_gmt":"2024-03-14T14:37:38","slug":"nos-activistes-beaute","status":"publish","type":"page","link":"https:\/\/beautytherapy.absolution-cosmetics.com\/fr\/nos-activistes-beaute\/","title":{"rendered":"Nos activistes beaut\u00e9"},"content":{"rendered":"<section class=\"block-grid-wrapper block-grid-for-core-paragraph\">\n      <div class=\"default-editor-content grid-for-core-paragraph container-fluid container-px-1\">\n        <div class=\"row row-cols-1 align-center\">\n          <div class=\"cell\">\n            \n<p><strong>Parce que ce projet se construit \u00e0 plusieurs, parce que nos savoirs et nos passions se compl\u00e8tent et s\u2019enrichissent, parce que retrouver la Beaut\u00e9 du monde n&rsquo;est plus un objectif mais une n\u00e9cessit\u00e9\u00a0; nous avons eu la joie et l\u2019honneur de rassembler autour de ce projet de bien belles personnes, g\u00e9n\u00e9reuses de leurs temps et de leurs id\u00e9es, pour cheminer ensemble vers la Beaut\u00e9. Beauty Therapy n\u2019existerait pas sans ses Beauty Activists\u2026 ni sans vous. Alors merci !<\/strong><\/p>\n          <\/div>\n        <\/div>\n      <\/div>\n\n      <\/section>","protected":false},"excerpt":{"rendered":"<p>Parce que ce projet se construit \u00e0 plusieurs, parce que nos savoirs et nos passions se compl\u00e8tent et s\u2019enrichissent, parce que retrouver la Beaut\u00e9 du monde n&rsquo;est plus un objectif mais une n\u00e9cessit\u00e9\u00a0; nous avons eu la joie et l\u2019honneur de rassembler autour de ce projet de bien belles personnes, g\u00e9n\u00e9reuses de leurs temps et [&hellip;]<\/p>\n","protected":false},"author":179,"featured_media":13464,"parent":0,"menu_order":0,"comment_status":"closed","ping_status":"closed","template":"p-listing-authors.php","meta":{"_acf_changed":false,"footnotes":""},"class_list":["post-10308","page","type-page","status-publish","has-post-thumbnail","hentry"],"acf":[],"yoast_head":"<!-- This site is optimized with the Yoast SEO plugin v27.3 - https:\/\/yoast.com\/product\/yoast-seo-wordpress\/ -->\n<title>Nos activistes beaut\u00e9 - Beauty Therapy<\/title>\n<meta name=\"description\" content=\"Parce que ce projet se construit \u00e0 plusieurs, parce que nos savoirs et nos passions se compl\u00e8tent et s\u2019enrichissent, parce que retrouver la Beaut\u00e9 du monde n&#039;est plus un objectif mais une n\u00e9cessit\u00e9\u00a0; nous avons eu la joie et l\u2019honneur de rassembler autour de ce projet de bien belles personnes, g\u00e9n\u00e9reuses de leurs temps et de leurs id\u00e9es, pour cheminer ensemble vers la Beaut\u00e9. Beauty Therapy n\u2019existerait pas sans ses Beauty Activists\u2026 ni sans vous. Alors merci !\" \/>\n<meta name=\"robots\" content=\"index, follow, max-snippet:-1, max-image-preview:large, max-video-preview:-1\" \/>\n<link rel=\"canonical\" href=\"https:\/\/beautytherapy.absolution-cosmetics.com\/fr\/nos-activistes-beaute\/\" \/>\n<meta property=\"og:locale\" content=\"fr_FR\" \/>\n<meta property=\"og:type\" content=\"article\" \/>\n<meta property=\"og:title\" content=\"Nos activistes beaut\u00e9 - Beauty Therapy\" \/>\n<meta property=\"og:description\" content=\"Parce que ce projet se construit \u00e0 plusieurs, parce que nos savoirs et nos passions se compl\u00e8tent et s\u2019enrichissent, parce que retrouver la Beaut\u00e9 du monde n&#039;est plus un objectif mais une n\u00e9cessit\u00e9\u00a0; nous avons eu la joie et l\u2019honneur de rassembler autour de ce projet de bien belles personnes, g\u00e9n\u00e9reuses de leurs temps et de leurs id\u00e9es, pour cheminer ensemble vers la Beaut\u00e9. Beauty Therapy n\u2019existerait pas sans ses Beauty Activists\u2026 ni sans vous. Alors merci !\" \/>\n<meta property=\"og:url\" content=\"https:\/\/beautytherapy.absolution-cosmetics.com\/fr\/nos-activistes-beaute\/\" \/>\n<meta property=\"og:site_name\" content=\"Beauty Therapy\" \/>\n<meta property=\"article:modified_time\" content=\"2024-03-14T14:37:38+00:00\" \/>\n<meta property=\"og:image\" content=\"https:\/\/beautytherapy.absolution-cosmetics.com\/wp-content\/uploads\/2024\/02\/Unknown-5-300x300-1.jpeg\" \/>\n\t<meta property=\"og:image:width\" content=\"300\" \/>\n\t<meta property=\"og:image:height\" content=\"300\" \/>\n\t<meta property=\"og:image:type\" content=\"image\/jpeg\" \/>\n<meta name=\"twitter:card\" content=\"summary_large_image\" \/>\n<meta name=\"twitter:label1\" content=\"Dur\u00e9e de lecture estim\u00e9e\" \/>\n\t<meta name=\"twitter:data1\" content=\"1 minute\" \/>\n<script type=\"application\/ld+json\" class=\"yoast-schema-graph\">{\"@context\":\"https:\\\/\\\/schema.org\",\"@graph\":[{\"@type\":\"WebPage\",\"@id\":\"https:\\\/\\\/beautytherapy.absolution-cosmetics.com\\\/fr\\\/nos-activistes-beaute\\\/\",\"url\":\"https:\\\/\\\/beautytherapy.absolution-cosmetics.com\\\/fr\\\/nos-activistes-beaute\\\/\",\"name\":\"Nos activistes beaut\u00e9 - Beauty Therapy\",\"isPartOf\":{\"@id\":\"https:\\\/\\\/beautytherapy.absolution-cosmetics.com\\\/fr\\\/#website\"},\"primaryImageOfPage\":{\"@id\":\"https:\\\/\\\/beautytherapy.absolution-cosmetics.com\\\/fr\\\/nos-activistes-beaute\\\/#primaryimage\"},\"image\":{\"@id\":\"https:\\\/\\\/beautytherapy.absolution-cosmetics.com\\\/fr\\\/nos-activistes-beaute\\\/#primaryimage\"},\"thumbnailUrl\":\"https:\\\/\\\/beautytherapy.absolution-cosmetics.com\\\/wp-content\\\/uploads\\\/2024\\\/02\\\/Unknown-5-300x300-1.jpeg\",\"datePublished\":\"2023-11-09T15:02:20+00:00\",\"dateModified\":\"2024-03-14T14:37:38+00:00\",\"description\":\"Parce que ce projet se construit \u00e0 plusieurs, parce que nos savoirs et nos passions se compl\u00e8tent et s\u2019enrichissent, parce que retrouver la Beaut\u00e9 du monde n'est plus un objectif mais une n\u00e9cessit\u00e9\u00a0; nous avons eu la joie et l\u2019honneur de rassembler autour de ce projet de bien belles personnes, g\u00e9n\u00e9reuses de leurs temps et de leurs id\u00e9es, pour cheminer ensemble vers la Beaut\u00e9. Beauty Therapy n\u2019existerait pas sans ses Beauty Activists\u2026 ni sans vous. Alors merci !\",\"breadcrumb\":{\"@id\":\"https:\\\/\\\/beautytherapy.absolution-cosmetics.com\\\/fr\\\/nos-activistes-beaute\\\/#breadcrumb\"},\"inLanguage\":\"fr-FR\",\"potentialAction\":[{\"@type\":\"ReadAction\",\"target\":[\"https:\\\/\\\/beautytherapy.absolution-cosmetics.com\\\/fr\\\/nos-activistes-beaute\\\/\"]}]},{\"@type\":\"ImageObject\",\"inLanguage\":\"fr-FR\",\"@id\":\"https:\\\/\\\/beautytherapy.absolution-cosmetics.com\\\/fr\\\/nos-activistes-beaute\\\/#primaryimage\",\"url\":\"https:\\\/\\\/beautytherapy.absolution-cosmetics.com\\\/wp-content\\\/uploads\\\/2024\\\/02\\\/Unknown-5-300x300-1.jpeg\",\"contentUrl\":\"https:\\\/\\\/beautytherapy.absolution-cosmetics.com\\\/wp-content\\\/uploads\\\/2024\\\/02\\\/Unknown-5-300x300-1.jpeg\",\"width\":300,\"height\":300,\"caption\":\"Unknown-5-300x300\"},{\"@type\":\"BreadcrumbList\",\"@id\":\"https:\\\/\\\/beautytherapy.absolution-cosmetics.com\\\/fr\\\/nos-activistes-beaute\\\/#breadcrumb\",\"itemListElement\":[{\"@type\":\"ListItem\",\"position\":1,\"name\":\"Home\",\"item\":\"https:\\\/\\\/beautytherapy.absolution-cosmetics.com\\\/fr\\\/\"},{\"@type\":\"ListItem\",\"position\":2,\"name\":\"Nos activistes beaut\u00e9\"}]},{\"@type\":\"WebSite\",\"@id\":\"https:\\\/\\\/beautytherapy.absolution-cosmetics.com\\\/fr\\\/#website\",\"url\":\"https:\\\/\\\/beautytherapy.absolution-cosmetics.com\\\/fr\\\/\",\"name\":\"Beauty Therapy\",\"description\":\"\",\"publisher\":{\"@id\":\"https:\\\/\\\/beautytherapy.absolution-cosmetics.com\\\/fr\\\/#organization\"},\"inLanguage\":\"fr-FR\"},{\"@type\":\"Organization\",\"@id\":\"https:\\\/\\\/beautytherapy.absolution-cosmetics.com\\\/fr\\\/#organization\",\"name\":\"Beauty Therapy\",\"url\":\"https:\\\/\\\/beautytherapy.absolution-cosmetics.com\\\/fr\\\/\",\"logo\":{\"@type\":\"ImageObject\",\"inLanguage\":\"fr-FR\",\"@id\":\"https:\\\/\\\/beautytherapy.absolution-cosmetics.com\\\/fr\\\/#\\\/schema\\\/logo\\\/image\\\/\",\"url\":\"https:\\\/\\\/beautytherapy.absolution-cosmetics.com\\\/wp-content\\\/uploads\\\/2020\\\/02\\\/beauty-therapy-logo.png\",\"contentUrl\":\"https:\\\/\\\/beautytherapy.absolution-cosmetics.com\\\/wp-content\\\/uploads\\\/2020\\\/02\\\/beauty-therapy-logo.png\",\"width\":424,\"height\":212,\"caption\":\"Beauty Therapy\"},\"image\":{\"@id\":\"https:\\\/\\\/beautytherapy.absolution-cosmetics.com\\\/fr\\\/#\\\/schema\\\/logo\\\/image\\\/\"}}]}<\/script>\n<!-- \/ Yoast SEO plugin. -->","yoast_head_json":{"title":"Nos activistes beaut\u00e9 - Beauty Therapy","description":"Parce que ce projet se construit \u00e0 plusieurs, parce que nos savoirs et nos passions se compl\u00e8tent et s\u2019enrichissent, parce que retrouver la Beaut\u00e9 du monde n'est plus un objectif mais une n\u00e9cessit\u00e9\u00a0; nous avons eu la joie et l\u2019honneur de rassembler autour de ce projet de bien belles personnes, g\u00e9n\u00e9reuses de leurs temps et de leurs id\u00e9es, pour cheminer ensemble vers la Beaut\u00e9. Beauty Therapy n\u2019existerait pas sans ses Beauty Activists\u2026 ni sans vous. Alors merci !","robots":{"index":"index","follow":"follow","max-snippet":"max-snippet:-1","max-image-preview":"max-image-preview:large","max-video-preview":"max-video-preview:-1"},"canonical":"https:\/\/beautytherapy.absolution-cosmetics.com\/fr\/nos-activistes-beaute\/","og_locale":"fr_FR","og_type":"article","og_title":"Nos activistes beaut\u00e9 - Beauty Therapy","og_description":"Parce que ce projet se construit \u00e0 plusieurs, parce que nos savoirs et nos passions se compl\u00e8tent et s\u2019enrichissent, parce que retrouver la Beaut\u00e9 du monde n'est plus un objectif mais une n\u00e9cessit\u00e9\u00a0; nous avons eu la joie et l\u2019honneur de rassembler autour de ce projet de bien belles personnes, g\u00e9n\u00e9reuses de leurs temps et de leurs id\u00e9es, pour cheminer ensemble vers la Beaut\u00e9. Beauty Therapy n\u2019existerait pas sans ses Beauty Activists\u2026 ni sans vous. Alors merci !","og_url":"https:\/\/beautytherapy.absolution-cosmetics.com\/fr\/nos-activistes-beaute\/","og_site_name":"Beauty Therapy","article_modified_time":"2024-03-14T14:37:38+00:00","og_image":[{"width":300,"height":300,"url":"https:\/\/beautytherapy.absolution-cosmetics.com\/wp-content\/uploads\/2024\/02\/Unknown-5-300x300-1.jpeg","type":"image\/jpeg"}],"twitter_card":"summary_large_image","twitter_misc":{"Dur\u00e9e de lecture estim\u00e9e":"1 minute"},"schema":{"@context":"https:\/\/schema.org","@graph":[{"@type":"WebPage","@id":"https:\/\/beautytherapy.absolution-cosmetics.com\/fr\/nos-activistes-beaute\/","url":"https:\/\/beautytherapy.absolution-cosmetics.com\/fr\/nos-activistes-beaute\/","name":"Nos activistes beaut\u00e9 - Beauty Therapy","isPartOf":{"@id":"https:\/\/beautytherapy.absolution-cosmetics.com\/fr\/#website"},"primaryImageOfPage":{"@id":"https:\/\/beautytherapy.absolution-cosmetics.com\/fr\/nos-activistes-beaute\/#primaryimage"},"image":{"@id":"https:\/\/beautytherapy.absolution-cosmetics.com\/fr\/nos-activistes-beaute\/#primaryimage"},"thumbnailUrl":"https:\/\/beautytherapy.absolution-cosmetics.com\/wp-content\/uploads\/2024\/02\/Unknown-5-300x300-1.jpeg","datePublished":"2023-11-09T15:02:20+00:00","dateModified":"2024-03-14T14:37:38+00:00","description":"Parce que ce projet se construit \u00e0 plusieurs, parce que nos savoirs et nos passions se compl\u00e8tent et s\u2019enrichissent, parce que retrouver la Beaut\u00e9 du monde n'est plus un objectif mais une n\u00e9cessit\u00e9\u00a0; nous avons eu la joie et l\u2019honneur de rassembler autour de ce projet de bien belles personnes, g\u00e9n\u00e9reuses de leurs temps et de leurs id\u00e9es, pour cheminer ensemble vers la Beaut\u00e9. Beauty Therapy n\u2019existerait pas sans ses Beauty Activists\u2026 ni sans vous. Alors merci !","breadcrumb":{"@id":"https:\/\/beautytherapy.absolution-cosmetics.com\/fr\/nos-activistes-beaute\/#breadcrumb"},"inLanguage":"fr-FR","potentialAction":[{"@type":"ReadAction","target":["https:\/\/beautytherapy.absolution-cosmetics.com\/fr\/nos-activistes-beaute\/"]}]},{"@type":"ImageObject","inLanguage":"fr-FR","@id":"https:\/\/beautytherapy.absolution-cosmetics.com\/fr\/nos-activistes-beaute\/#primaryimage","url":"https:\/\/beautytherapy.absolution-cosmetics.com\/wp-content\/uploads\/2024\/02\/Unknown-5-300x300-1.jpeg","contentUrl":"https:\/\/beautytherapy.absolution-cosmetics.com\/wp-content\/uploads\/2024\/02\/Unknown-5-300x300-1.jpeg","width":300,"height":300,"caption":"Unknown-5-300x300"},{"@type":"BreadcrumbList","@id":"https:\/\/beautytherapy.absolution-cosmetics.com\/fr\/nos-activistes-beaute\/#breadcrumb","itemListElement":[{"@type":"ListItem","position":1,"name":"Home","item":"https:\/\/beautytherapy.absolution-cosmetics.com\/fr\/"},{"@type":"ListItem","position":2,"name":"Nos activistes beaut\u00e9"}]},{"@type":"WebSite","@id":"https:\/\/beautytherapy.absolution-cosmetics.com\/fr\/#website","url":"https:\/\/beautytherapy.absolution-cosmetics.com\/fr\/","name":"Beauty Therapy","description":"","publisher":{"@id":"https:\/\/beautytherapy.absolution-cosmetics.com\/fr\/#organization"},"inLanguage":"fr-FR"},{"@type":"Organization","@id":"https:\/\/beautytherapy.absolution-cosmetics.com\/fr\/#organization","name":"Beauty Therapy","url":"https:\/\/beautytherapy.absolution-cosmetics.com\/fr\/","logo":{"@type":"ImageObject","inLanguage":"fr-FR","@id":"https:\/\/beautytherapy.absolution-cosmetics.com\/fr\/#\/schema\/logo\/image\/","url":"https:\/\/beautytherapy.absolution-cosmetics.com\/wp-content\/uploads\/2020\/02\/beauty-therapy-logo.png","contentUrl":"https:\/\/beautytherapy.absolution-cosmetics.com\/wp-content\/uploads\/2020\/02\/beauty-therapy-logo.png","width":424,"height":212,"caption":"Beauty Therapy"},"image":{"@id":"https:\/\/beautytherapy.absolution-cosmetics.com\/fr\/#\/schema\/logo\/image\/"}}]}},"_links":{"self":[{"href":"https:\/\/beautytherapy.absolution-cosmetics.com\/fr\/wp-json\/wp\/v2\/pages\/10308","targetHints":{"allow":["GET"]}}],"collection":[{"href":"https:\/\/beautytherapy.absolution-cosmetics.com\/fr\/wp-json\/wp\/v2\/pages"}],"about":[{"href":"https:\/\/beautytherapy.absolution-cosmetics.com\/fr\/wp-json\/wp\/v2\/types\/page"}],"author":[{"embeddable":true,"href":"https:\/\/beautytherapy.absolution-cosmetics.com\/fr\/wp-json\/wp\/v2\/users\/179"}],"replies":[{"embeddable":true,"href":"https:\/\/beautytherapy.absolution-cosmetics.com\/fr\/wp-json\/wp\/v2\/comments?post=10308"}],"version-history":[{"count":6,"href":"https:\/\/beautytherapy.absolution-cosmetics.com\/fr\/wp-json\/wp\/v2\/pages\/10308\/revisions"}],"predecessor-version":[{"id":19656,"href":"https:\/\/beautytherapy.absolution-cosmetics.com\/fr\/wp-json\/wp\/v2\/pages\/10308\/revisions\/19656"}],"wp:featuredmedia":[{"embeddable":true,"href":"https:\/\/beautytherapy.absolution-cosmetics.com\/fr\/wp-json\/wp\/v2\/media\/13464"}],"wp:attachment":[{"href":"https:\/\/beautytherapy.absolution-cosmetics.com\/fr\/wp-json\/wp\/v2\/media?parent=10308"}],"curies":[{"name":"wp","href":"https:\/\/api.w.org\/{rel}","templated":true}]}}